{"id":4330,"date":"2024-06-13T12:29:36","date_gmt":"2024-06-13T12:29:36","guid":{"rendered":"https:\/\/www.tironi.com\/the-company\/chi-siamo-2\/"},"modified":"2024-06-13T12:34:53","modified_gmt":"2024-06-13T12:34:53","slug":"chi-siamo-2","status":"publish","type":"page","link":"https:\/\/www.tironi.com\/en\/the-company\/chi-siamo-2\/","title":{"rendered":"Test pagina"},"content":{"rendered":"\t\t<div data-elementor-type=\"wp-page\" data-elementor-id=\"4330\" class=\"elementor elementor-4330 elementor-4323\" data-elementor-post-type=\"page\">\n\t\t\t\t<div class=\"elementor-element elementor-element-2b4949c e-con-full e-flex e-con e-parent\" data-id=\"2b4949c\" data-element_type=\"container\">\n\t\t<div class=\"elementor-element elementor-element-92f1142 e-con-full e-flex e-con e-child\" data-id=\"92f1142\" data-element_type=\"container\" data-settings=\"{&quot;background_background&quot;:&quot;classic&quot;}\">\n\t\t<div class=\"elementor-element elementor-element-9260fe5 e-con-full animated-fast e-flex elementor-invisible e-con e-child\" data-id=\"9260fe5\" data-element_type=\"container\" data-settings=\"{&quot;background_background&quot;:&quot;classic&quot;,&quot;animation&quot;:&quot;fadeInLeft&quot;,&quot;animation_delay&quot;:100}\">\n\t\t<div class=\"elementor-element elementor-element-d69977a e-flex e-con-boxed e-con e-child\" data-id=\"d69977a\" data-element_type=\"container\">\n\t\t\t\t\t<div class=\"e-con-inner\">\n\t\t\t\t<div class=\"elementor-element elementor-element-c6944b0 elementor-widget elementor-widget-heading\" data-id=\"c6944b0\" data-element_type=\"widget\" data-widget_type=\"heading.default\">\n\t\t\t\t<div class=\"elementor-widget-container\">\n\t\t\t\t\t<h1 class=\"elementor-heading-title elementor-size-default\">Test pagina<\/h1>\t\t\t\t<\/div>\n\t\t\t\t<\/div>\n\t\t\t\t<div class=\"elementor-element elementor-element-97b1e70 elementor-widget-divider--view-line elementor-widget elementor-widget-divider\" data-id=\"97b1e70\" data-element_type=\"widget\" data-widget_type=\"divider.default\">\n\t\t\t\t<div class=\"elementor-widget-container\">\n\t\t\t\t\t\t\t<div class=\"elementor-divider\">\n\t\t\t<span class=\"elementor-divider-separator\">\n\t\t\t\t\t\t<\/span>\n\t\t<\/div>\n\t\t\t\t\t\t<\/div>\n\t\t\t\t<\/div>\n\t\t\t\t<div class=\"elementor-element elementor-element-7d5e645 elementor-widget elementor-widget-text-editor\" data-id=\"7d5e645\" data-element_type=\"widget\" data-widget_type=\"text-editor.default\">\n\t\t\t\t<div class=\"elementor-widget-container\">\n\t\t\t\t\t\t\t\t\t<p><em>Elettromeccanica Tironi da oltre 60 anni \u00e8 uno dei pi\u00f9 importanti produttori europei di trasformatori elettrici di potenza.<\/em><\/p>\t\t\t\t\t\t\t\t<\/div>\n\t\t\t\t<\/div>\n\t\t\t\t\t<\/div>\n\t\t\t\t<\/div>\n\t\t\t\t<\/div>\n\t\t<div class=\"elementor-element elementor-element-eed6060 e-con-full e-flex e-con e-child\" data-id=\"eed6060\" data-element_type=\"container\">\n\t\t\t\t<div class=\"elementor-element elementor-element-a986907 elementor-widget elementor-widget-image\" data-id=\"a986907\" data-element_type=\"widget\" data-widget_type=\"image.default\">\n\t\t\t\t<div class=\"elementor-widget-container\">\n\t\t\t\t\t\t\t\t\t\t\t\t\t\t\t<img fetchpriority=\"high\" decoding=\"async\" width=\"2000\" height=\"1080\" src=\"https:\/\/www.tironi.com\/wp-content\/uploads\/2023\/11\/sede.jpg\" class=\"attachment-full size-full wp-image-3028\" alt=\"\" srcset=\"https:\/\/www.tironi.com\/wp-content\/uploads\/2023\/11\/sede.jpg 2000w, https:\/\/www.tironi.com\/wp-content\/uploads\/2023\/11\/sede-300x162.jpg 300w, https:\/\/www.tironi.com\/wp-content\/uploads\/2023\/11\/sede-1024x553.jpg 1024w, https:\/\/www.tironi.com\/wp-content\/uploads\/2023\/11\/sede-768x415.jpg 768w, https:\/\/www.tironi.com\/wp-content\/uploads\/2023\/11\/sede-1536x829.jpg 1536w\" sizes=\"(max-width: 2000px) 100vw, 2000px\" \/>\t\t\t\t\t\t\t\t\t\t\t\t\t\t\t<\/div>\n\t\t\t\t<\/div>\n\t\t\t\t<\/div>\n\t\t\t\t<\/div>\n\t\t\t\t<\/div>\n\t\t<div class=\"elementor-element elementor-element-089c784 e-con-full section-text-full e-flex e-con e-parent\" data-id=\"089c784\" data-element_type=\"container\">\n\t\t<div class=\"elementor-element elementor-element-2de27f4 section-text-full e-con-full e-flex e-con e-child\" data-id=\"2de27f4\" data-element_type=\"container\">\n\t\t<div class=\"elementor-element elementor-element-5390cae e-con-full animated-slow e-flex elementor-invisible e-con e-child\" data-id=\"5390cae\" data-element_type=\"container\" data-settings=\"{&quot;animation&quot;:&quot;fadeIn&quot;,&quot;animation_delay&quot;:300}\">\n\t\t\t\t<div class=\"elementor-element elementor-element-087d3ee elementor-widget elementor-widget-heading\" data-id=\"087d3ee\" data-element_type=\"widget\" data-widget_type=\"heading.default\">\n\t\t\t\t<div class=\"elementor-widget-container\">\n\t\t\t\t\t<h3 class=\"elementor-heading-title elementor-size-default\">TEST PAGINA<\/h3>\t\t\t\t<\/div>\n\t\t\t\t<\/div>\n\t\t\t\t<div class=\"elementor-element elementor-element-71d2285 elementor-widget elementor-widget-text-editor\" data-id=\"71d2285\" data-element_type=\"widget\" data-widget_type=\"text-editor.default\">\n\t\t\t\t<div class=\"elementor-widget-container\">\n\t\t\t\t\t\t\t\t\t<p>La nostra missione \u00e8 infatti produrre trasformatori e reattori di grande qualit\u00e0 ed affidabilit\u00e0, progettati per rispondere alle diverse necessit\u00e0 di potenza e di tensione dei clienti in tutto il mondo. Obiettivo dell\u2019azienda \u00e8 da sempre quello di essere per i clienti, non un semplice fornitore, ma un autentico partner tecnologico. Un partner affidabile e capace di garantire nel tempo tutto l\u2019aiuto e l\u2019assistenza necessaria per sollevare i clienti da ogni tipo di preoccupazione relativa ai trasformatori installati nelle loro centrali elettriche.<\/p>\t\t\t\t\t\t\t\t<\/div>\n\t\t\t\t<\/div>\n\t\t\t\t<\/div>\n\t\t\t\t<\/div>\n\t\t\t\t<\/div>\n\t\t<div class=\"elementor-element elementor-element-d70196e e-flex e-con-boxed e-con e-parent\" data-id=\"d70196e\" data-element_type=\"container\" data-settings=\"{&quot;background_background&quot;:&quot;classic&quot;}\">\n\t\t\t\t\t<div class=\"e-con-inner\">\n\t\t<div class=\"elementor-element elementor-element-30ae1b9 e-con-full animated-fast box-red e-flex elementor-invisible e-con e-child\" data-id=\"30ae1b9\" data-element_type=\"container\" data-settings=\"{&quot;background_background&quot;:&quot;classic&quot;,&quot;animation&quot;:&quot;fadeInLeft&quot;,&quot;animation_delay&quot;:400}\">\n\t\t\t\t<div class=\"elementor-element elementor-element-e676620 elementor-widget elementor-widget-text-editor\" data-id=\"e676620\" data-element_type=\"widget\" data-widget_type=\"text-editor.default\">\n\t\t\t\t<div class=\"elementor-widget-container\">\n\t\t\t\t\t\t\t\t\t<p><em>Il vostro Partner per i trasformatori elettrici<\/em><\/p>\t\t\t\t\t\t\t\t<\/div>\n\t\t\t\t<\/div>\n\t\t\t\t<\/div>\n\t\t\t\t\t<\/div>\n\t\t\t\t<\/div>\n\t\t<div class=\"elementor-element elementor-element-1f6ac70 section-text-full e-con-full e-flex e-con e-parent\" data-id=\"1f6ac70\" data-element_type=\"container\">\n\t\t<div class=\"elementor-element elementor-element-c1a4794 e-con-full e-flex e-con e-child\" data-id=\"c1a4794\" data-element_type=\"container\">\n\t\t<div class=\"elementor-element elementor-element-e441530 e-con-full animated-slow box-left e-flex elementor-invisible e-con e-child\" data-id=\"e441530\" data-element_type=\"container\" data-settings=\"{&quot;animation&quot;:&quot;fadeInLeft&quot;,&quot;animation_delay&quot;:400}\">\n\t\t\t\t<div class=\"elementor-element elementor-element-c3dca47 elementor-widget elementor-widget-heading\" data-id=\"c3dca47\" data-element_type=\"widget\" data-widget_type=\"heading.default\">\n\t\t\t\t<div class=\"elementor-widget-container\">\n\t\t\t\t\t<h3 class=\"elementor-heading-title elementor-size-default\">Management<\/h3>\t\t\t\t<\/div>\n\t\t\t\t<\/div>\n\t\t\t\t<div class=\"elementor-element elementor-element-8ac7935 elementor-widget elementor-widget-text-editor\" data-id=\"8ac7935\" data-element_type=\"widget\" data-widget_type=\"text-editor.default\">\n\t\t\t\t<div class=\"elementor-widget-container\">\n\t\t\t\t\t\t\t\t\t<p>Il coinvolgimento personale e la grande passione con i quali la Famiglia Tironi ha gestito l\u2019azienda anno dopo anno unitamente alle grandi capacit\u00e0 dei collaboratori pi\u00f9 stretti sono i principali motivi del successo di questa impresa e rappresentano anche la migliore premessa per il suo sviluppo futuro.<\/p><p>Ancora oggi il capitale di Elettromeccanica Tironi \u00e8 al 100% di propriet\u00e0 della famiglia e l\u2019azienda \u00e8 guidata da un consiglio di Amministrazione che oltre, al Presidente Maurizio Tironi, vede in prima linea anche i due figli Matteo e Marco, il primo come Amministratore Delegato e Commerciale, il secondo come Direttore Acquisti.<\/p>\t\t\t\t\t\t\t\t<\/div>\n\t\t\t\t<\/div>\n\t\t\t\t<\/div>\n\t\t<div class=\"elementor-element elementor-element-33403af e-con-full animated-slow e-flex elementor-invisible e-con e-child\" data-id=\"33403af\" data-element_type=\"container\" data-settings=\"{&quot;animation&quot;:&quot;fadeInRight&quot;,&quot;animation_delay&quot;:400}\">\n\t\t\t\t<div class=\"elementor-element elementor-element-d60bb4d elementor-widget elementor-widget-image\" data-id=\"d60bb4d\" data-element_type=\"widget\" data-widget_type=\"image.default\">\n\t\t\t\t<div class=\"elementor-widget-container\">\n\t\t\t\t\t\t\t\t\t\t\t\t\t\t\t<img decoding=\"async\" width=\"1920\" height=\"1280\" src=\"https:\/\/www.tironi.com\/wp-content\/uploads\/2024\/05\/management.jpg\" class=\"attachment-full size-full wp-image-4075\" alt=\"\" srcset=\"https:\/\/www.tironi.com\/wp-content\/uploads\/2024\/05\/management.jpg 1920w, https:\/\/www.tironi.com\/wp-content\/uploads\/2024\/05\/management-300x200.jpg 300w, https:\/\/www.tironi.com\/wp-content\/uploads\/2024\/05\/management-1024x683.jpg 1024w, https:\/\/www.tironi.com\/wp-content\/uploads\/2024\/05\/management-768x512.jpg 768w, https:\/\/www.tironi.com\/wp-content\/uploads\/2024\/05\/management-1536x1024.jpg 1536w\" sizes=\"(max-width: 1920px) 100vw, 1920px\" \/>\t\t\t\t\t\t\t\t\t\t\t\t\t\t\t<\/div>\n\t\t\t\t<\/div>\n\t\t\t\t<div class=\"elementor-element elementor-element-e86d0c1 elementor-hidden-widescreen elementor-hidden-desktop elementor-hidden-laptop elementor-hidden-tablet_extra elementor-hidden-tablet elementor-hidden-mobile_extra elementor--h-position-center elementor--v-position-middle elementor-arrows-position-inside elementor-widget elementor-widget-slides\" data-id=\"e86d0c1\" data-element_type=\"widget\" data-settings=\"{&quot;navigation&quot;:&quot;arrows&quot;,&quot;autoplay&quot;:&quot;yes&quot;,&quot;pause_on_hover&quot;:&quot;yes&quot;,&quot;pause_on_interaction&quot;:&quot;yes&quot;,&quot;autoplay_speed&quot;:5000,&quot;infinite&quot;:&quot;yes&quot;,&quot;transition&quot;:&quot;slide&quot;,&quot;transition_speed&quot;:500}\" data-widget_type=\"slides.default\">\n\t\t\t\t<div class=\"elementor-widget-container\">\n\t\t\t\t\t\t\t\t\t<div class=\"elementor-swiper\">\n\t\t\t\t\t<div class=\"elementor-slides-wrapper elementor-main-swiper swiper\" role=\"region\" aria-roledescription=\"carousel\" aria-label=\"Slides\" dir=\"ltr\" data-animation=\"fadeInUp\">\n\t\t\t\t<div class=\"swiper-wrapper elementor-slides\">\n\t\t\t\t\t\t\t\t\t\t<div class=\"elementor-repeater-item-4497429 swiper-slide\" role=\"group\" aria-roledescription=\"slide\"><div class=\"swiper-slide-bg\" role=\"img\"><\/div><div class=\"swiper-slide-inner\" ><div class=\"swiper-slide-contents\"><\/div><\/div><\/div><div class=\"elementor-repeater-item-b64544e swiper-slide\" role=\"group\" aria-roledescription=\"slide\"><div class=\"swiper-slide-bg\" role=\"img\"><\/div><div class=\"swiper-slide-inner\" ><div class=\"swiper-slide-contents\"><\/div><\/div><\/div><div class=\"elementor-repeater-item-f7357a3 swiper-slide\" role=\"group\" aria-roledescription=\"slide\"><div class=\"swiper-slide-bg\" role=\"img\"><\/div><div class=\"swiper-slide-inner\" ><div class=\"swiper-slide-contents\"><\/div><\/div><\/div><div class=\"elementor-repeater-item-3a4ccc4 swiper-slide\" role=\"group\" aria-roledescription=\"slide\"><div class=\"swiper-slide-bg\" role=\"img\"><\/div><div class=\"swiper-slide-inner\" ><div class=\"swiper-slide-contents\"><\/div><\/div><\/div>\t\t\t\t<\/div>\n\t\t\t\t\t\t\t\t\t\t\t\t\t\t\t<div class=\"elementor-swiper-button elementor-swiper-button-prev\" role=\"button\" tabindex=\"0\" aria-label=\"Previous slide\">\n\t\t\t\t\t\t\t<i aria-hidden=\"true\" class=\"eicon-chevron-left\"><\/i>\t\t\t\t\t\t<\/div>\n\t\t\t\t\t\t<div class=\"elementor-swiper-button elementor-swiper-button-next\" role=\"button\" tabindex=\"0\" aria-label=\"Next slide\">\n\t\t\t\t\t\t\t<i aria-hidden=\"true\" class=\"eicon-chevron-right\"><\/i>\t\t\t\t\t\t<\/div>\n\t\t\t\t\t\t\t\t\t\t\t\t\t\t\t\t\t<\/div>\n\t\t\t\t<\/div>\n\t\t\t\t\t\t\t\t<\/div>\n\t\t\t\t<\/div>\n\t\t\t\t<\/div>\n\t\t\t\t<\/div>\n\t\t\t\t<\/div>\n\t\t<div class=\"elementor-element elementor-element-8cd836e e-con-full elementor-hidden-mobile e-flex e-con e-parent\" data-id=\"8cd836e\" data-element_type=\"container\">\n\t\t<div class=\"elementor-element elementor-element-600291f elementor-hidden-mobile animated-slow e-flex e-con-boxed elementor-invisible e-con e-child\" data-id=\"600291f\" data-element_type=\"container\" data-settings=\"{&quot;background_background&quot;:&quot;classic&quot;,&quot;animation&quot;:&quot;fadeIn&quot;,&quot;animation_delay&quot;:500}\">\n\t\t\t\t\t<div class=\"e-con-inner\">\n\t\t\t\t\t<\/div>\n\t\t\t\t<\/div>\n\t\t<div class=\"elementor-element elementor-element-3df5f5a e-flex e-con-boxed e-con e-child\" data-id=\"3df5f5a\" data-element_type=\"container\">\n\t\t\t\t\t<div class=\"e-con-inner\">\n\t\t<div class=\"elementor-element elementor-element-5445561 elementor-hidden-mobile animated-slow e-flex e-con-boxed elementor-invisible e-con e-child\" data-id=\"5445561\" data-element_type=\"container\" data-settings=\"{&quot;background_background&quot;:&quot;classic&quot;,&quot;animation&quot;:&quot;fadeIn&quot;,&quot;animation_delay&quot;:600}\">\n\t\t\t\t\t<div class=\"e-con-inner\">\n\t\t\t\t\t<\/div>\n\t\t\t\t<\/div>\n\t\t<div class=\"elementor-element elementor-element-02d95ad e-flex e-con-boxed e-con e-child\" data-id=\"02d95ad\" data-element_type=\"container\">\n\t\t\t\t\t<div class=\"e-con-inner\">\n\t\t<div class=\"elementor-element elementor-element-d2efbf0 elementor-hidden-mobile animated-slow e-flex e-con-boxed elementor-invisible e-con e-child\" data-id=\"d2efbf0\" data-element_type=\"container\" data-settings=\"{&quot;background_background&quot;:&quot;classic&quot;,&quot;animation&quot;:&quot;fadeIn&quot;,&quot;animation_delay&quot;:700}\">\n\t\t\t\t\t<div class=\"e-con-inner\">\n\t\t\t\t\t<\/div>\n\t\t\t\t<\/div>\n\t\t<div class=\"elementor-element elementor-element-75c8934 elementor-hidden-mobile animated-slow e-flex e-con-boxed elementor-invisible e-con e-child\" data-id=\"75c8934\" data-element_type=\"container\" data-settings=\"{&quot;background_background&quot;:&quot;classic&quot;,&quot;animation&quot;:&quot;fadeIn&quot;,&quot;animation_delay&quot;:700}\">\n\t\t\t\t\t<div class=\"e-con-inner\">\n\t\t\t\t\t<\/div>\n\t\t\t\t<\/div>\n\t\t\t\t\t<\/div>\n\t\t\t\t<\/div>\n\t\t\t\t\t<\/div>\n\t\t\t\t<\/div>\n\t\t\t\t<\/div>\n\t\t<div class=\"elementor-element elementor-element-5bde1ff section-text-full e-flex e-con-boxed e-con e-parent\" data-id=\"5bde1ff\" data-element_type=\"container\">\n\t\t\t\t\t<div class=\"e-con-inner\">\n\t\t<div class=\"elementor-element elementor-element-065fb31 animated-slow section-text-full e-flex e-con-boxed elementor-invisible e-con e-child\" data-id=\"065fb31\" data-element_type=\"container\" data-settings=\"{&quot;animation&quot;:&quot;fadeIn&quot;,&quot;animation_delay&quot;:800}\">\n\t\t\t\t\t<div class=\"e-con-inner\">\n\t\t\t\t<div class=\"elementor-element elementor-element-3d3d58a elementor-widget elementor-widget-heading\" data-id=\"3d3d58a\" data-element_type=\"widget\" data-widget_type=\"heading.default\">\n\t\t\t\t<div class=\"elementor-widget-container\">\n\t\t\t\t\t<h3 class=\"elementor-heading-title elementor-size-default\">Nel mondo<\/h3>\t\t\t\t<\/div>\n\t\t\t\t<\/div>\n\t\t\t\t<div class=\"elementor-element elementor-element-1c0a994 elementor-widget elementor-widget-text-editor\" data-id=\"1c0a994\" data-element_type=\"widget\" data-widget_type=\"text-editor.default\">\n\t\t\t\t<div class=\"elementor-widget-container\">\n\t\t\t\t\t\t\t\t\t<p>L\u2019esperienza di oltre sessant\u2019anni e la capacit\u00e0 di effettuare la consegna senza alcuna limitazione geografica fanno di Elettromeccanica Tironi un fornitore altamente competitivo a livello internazionale.<\/p><p>Grazie alla qualit\u00e0 del proprio servizio di consegna e di assistenza post-vendita l\u2019azienda pu\u00f2 vantare oggi una presenza dei propri impianti che tocca praticamente ogni area geografica nel mondo.<\/p><p>Per un elenco completo delle referenze Vi invitiamo ad inviare una richiesta all\u2019indirizzo email <a href=\"mailto:sales@tironi.com\">sales@tironi.com<\/a> , dal quale un nostro addetto dell\u2019Area Commerciale sar\u00e0 lieto di inviarvene una copia.<\/p>\t\t\t\t\t\t\t\t<\/div>\n\t\t\t\t<\/div>\n\t\t\t\t\t<\/div>\n\t\t\t\t<\/div>\n\t\t<div class=\"elementor-element elementor-element-5b319af e-con-full e-flex e-con e-child\" data-id=\"5b319af\" data-element_type=\"container\">\n\t\t\t\t<div class=\"elementor-element elementor-element-bdbcfbf animated-slow elementor-invisible elementor-widget elementor-widget-image\" data-id=\"bdbcfbf\" data-element_type=\"widget\" data-settings=\"{&quot;_animation&quot;:&quot;pulse&quot;,&quot;_animation_delay&quot;:1000}\" data-widget_type=\"image.default\">\n\t\t\t\t<div class=\"elementor-widget-container\">\n\t\t\t\t\t\t\t\t\t\t\t\t\t\t\t<img decoding=\"async\" width=\"1026\" height=\"660\" src=\"https:\/\/www.tironi.com\/wp-content\/uploads\/2023\/10\/ba76ab18337bdc911032f7105d3b7876.jpeg\" class=\"attachment-full size-full wp-image-394\" alt=\"\" srcset=\"https:\/\/www.tironi.com\/wp-content\/uploads\/2023\/10\/ba76ab18337bdc911032f7105d3b7876.jpeg 1026w, https:\/\/www.tironi.com\/wp-content\/uploads\/2023\/10\/ba76ab18337bdc911032f7105d3b7876-300x193.jpeg 300w, https:\/\/www.tironi.com\/wp-content\/uploads\/2023\/10\/ba76ab18337bdc911032f7105d3b7876-1024x659.jpeg 1024w, https:\/\/www.tironi.com\/wp-content\/uploads\/2023\/10\/ba76ab18337bdc911032f7105d3b7876-768x494.jpeg 768w\" sizes=\"(max-width: 1026px) 100vw, 1026px\" \/>\t\t\t\t\t\t\t\t\t\t\t\t\t\t\t<\/div>\n\t\t\t\t<\/div>\n\t\t\t\t<\/div>\n\t\t\t\t\t<\/div>\n\t\t\t\t<\/div>\n\t\t\t\t<\/div>\n\t\t","protected":false},"excerpt":{"rendered":"<p>Elettromeccanica Tironi da oltre 60 anni \u00e8 uno dei pi\u00f9 importanti produttori europei di trasformatori elettrici di potenza. TEST PAGINA La nostra missione \u00e8 infatti produrre trasformatori e reattori di grande qualit\u00e0 ed affidabilit\u00e0, progettati per rispondere alle diverse necessit\u00e0 di potenza e di tensione dei clienti in tutto il mondo. Obiettivo dell\u2019azienda \u00e8 da [&hellip;]<\/p>\n","protected":false},"author":2,"featured_media":0,"parent":3951,"menu_order":0,"comment_status":"closed","ping_status":"closed","template":"","meta":{"footnotes":""},"class_list":["post-4330","page","type-page","status-publish","hentry"],"_links":{"self":[{"href":"https:\/\/www.tironi.com\/en\/wp-json\/wp\/v2\/pages\/4330","targetHints":{"allow":["GET"]}}],"collection":[{"href":"https:\/\/www.tironi.com\/en\/wp-json\/wp\/v2\/pages"}],"about":[{"href":"https:\/\/www.tironi.com\/en\/wp-json\/wp\/v2\/types\/page"}],"author":[{"embeddable":true,"href":"https:\/\/www.tironi.com\/en\/wp-json\/wp\/v2\/users\/2"}],"replies":[{"embeddable":true,"href":"https:\/\/www.tironi.com\/en\/wp-json\/wp\/v2\/comments?post=4330"}],"version-history":[{"count":1,"href":"https:\/\/www.tironi.com\/en\/wp-json\/wp\/v2\/pages\/4330\/revisions"}],"predecessor-version":[{"id":4331,"href":"https:\/\/www.tironi.com\/en\/wp-json\/wp\/v2\/pages\/4330\/revisions\/4331"}],"up":[{"embeddable":true,"href":"https:\/\/www.tironi.com\/en\/wp-json\/wp\/v2\/pages\/3951"}],"wp:attachment":[{"href":"https:\/\/www.tironi.com\/en\/wp-json\/wp\/v2\/media?parent=4330"}],"curies":[{"name":"wp","href":"https:\/\/api.w.org\/{rel}","templated":true}]}}